{"id":18,"date":"2016-10-08T12:35:51","date_gmt":"2016-10-08T10:35:51","guid":{"rendered":"http:\/\/www.martin-langer-psychologe.de\/wpress3\/?page_id=18"},"modified":"2021-01-31T18:40:10","modified_gmt":"2021-01-31T17:40:10","slug":"aufgaben","status":"publish","type":"page","link":"https:\/\/htw.martin-langer-psychologe.de\/index.php\/aufgaben\/","title":{"rendered":"Aufgaben + Vorbereitung"},"content":{"rendered":"<pre><span style=\"font-size: 16px;\">\"Sage es mir und ich werde es vergessen. \r\nZeige es mir und ich werde mich daran erinnern.\r\nBeteilige mich und ich werde es verstehen.\"<\/span><\/pre>\n<p style=\"text-align: left;\"><span style=\"font-size: 16px;\">Die Aufgaben sollen das Lernen als aktiven, selbst gestalteten Prozess erm\u00f6glichen. Sie regen an, \u00fcber unterschiedliche Aspekte von F\u00fchrung nachzudenken, Fragen zu entwerfen, Modelle und Konzepte als Werkzeuge zu sehen und sich mit anderen dar\u00fcber auszutauschen.\u00a0 Die Teilnehmer der Veranstaltung sind eingeladen, die Aufgaben &#8222;auszuprobieren&#8220;, mit ihrem Verhalten ein wenig zu experimentieren und die Ergebnisse in die Lehrveranstaltung einzubringen. Anregungen und Ideen sind erw\u00fcnscht und k\u00f6nnen f\u00fcr alle Teilnehmer verf\u00fcgbar gemacht werden.<\/span><\/p>\n<p><span style=\"color: #333399; font-size: 16px;\"><em> &#8220; Es geht in der Pr\u00fcfung nicht darum, alles auswendig zu wissen. Es geht darum, Begr\u00fcndungen zu kennen, Zusammenh\u00e4nge zu verstehen und L\u00f6sungen zu finden.&#8220;<\/em><\/span><\/p>\n<hr \/>\n<p><span style=\"color: #0000ff;\">+ + + Die Aufgaben aus den Vorjahren stehen auf Anfrage zur Verf\u00fcgung + + +<\/span><\/p>\n<hr \/>\n<p><span style=\"color: #333399; font-size: 16px;\"><em>Zu den weiteren Aufgaben \/ \u00dcbungen im Verlauf der Veranstaltung:<br \/>\n<\/em><\/span><\/p>\n<p>&nbsp;<\/p>\n<p style=\"text-align: center;\">\n","protected":false},"excerpt":{"rendered":"<p>&#8222;Sage es mir und ich werde es vergessen. Zeige es mir und ich werde mich daran erinnern. Beteilige mich und ich werde es verstehen.&#8220; Die Aufgaben sollen das Lernen als aktiven, selbst gestalteten Prozess erm\u00f6glichen. Sie regen an, \u00fcber unterschiedliche Aspekte von F\u00fchrung nachzudenken, Fragen zu entwerfen, Modelle und Konzepte als Werkzeuge zu sehen und &hellip; <\/p>\n<p class=\"link-more\"><a href=\"https:\/\/htw.martin-langer-psychologe.de\/index.php\/aufgaben\/\" class=\"more-link\"><span class=\"screen-reader-text\">\u201eAufgaben + Vorbereitung\u201c <\/span>weiterlesen<\/a><\/p>\n","protected":false},"author":1,"featured_media":0,"parent":0,"menu_order":3,"comment_status":"closed","ping_status":"closed","template":"","meta":{"footnotes":""},"class_list":["post-18","page","type-page","status-publish","hentry"],"_links":{"self":[{"href":"https:\/\/htw.martin-langer-psychologe.de\/index.php\/wp-json\/wp\/v2\/pages\/18","targetHints":{"allow":["GET"]}}],"collection":[{"href":"https:\/\/htw.martin-langer-psychologe.de\/index.php\/wp-json\/wp\/v2\/pages"}],"about":[{"href":"https:\/\/htw.martin-langer-psychologe.de\/index.php\/wp-json\/wp\/v2\/types\/page"}],"author":[{"embeddable":true,"href":"https:\/\/htw.martin-langer-psychologe.de\/index.php\/wp-json\/wp\/v2\/users\/1"}],"replies":[{"embeddable":true,"href":"https:\/\/htw.martin-langer-psychologe.de\/index.php\/wp-json\/wp\/v2\/comments?post=18"}],"version-history":[{"count":41,"href":"https:\/\/htw.martin-langer-psychologe.de\/index.php\/wp-json\/wp\/v2\/pages\/18\/revisions"}],"predecessor-version":[{"id":3461,"href":"https:\/\/htw.martin-langer-psychologe.de\/index.php\/wp-json\/wp\/v2\/pages\/18\/revisions\/3461"}],"wp:attachment":[{"href":"https:\/\/htw.martin-langer-psychologe.de\/index.php\/wp-json\/wp\/v2\/media?parent=18"}],"curies":[{"name":"wp","href":"https:\/\/api.w.org\/{rel}","templated":true}]}}